{"id":177,"date":"2018-06-11T16:54:12","date_gmt":"2018-06-11T14:54:12","guid":{"rendered":"http:\/\/www.gisela-georg-therapie.de\/georg\/?page_id=177"},"modified":"2024-09-24T12:51:59","modified_gmt":"2024-09-24T10:51:59","slug":"aktuell","status":"publish","type":"page","link":"https:\/\/www.gisela-georg-therapie.de\/georg\/aktuell\/","title":{"rendered":"Aktuell"},"content":{"rendered":"<div class='flex_column av-av_one_half-7714eba142aeda1f8b5272a3c372b279 av_one_half  avia-builder-el-0  el_before_av_one_full  avia-builder-el-first  first flex_column_div '     ><\/div>\n\n<style type=\"text\/css\" data-created_by=\"avia_inline_auto\" id=\"style-css-av-n3k3d-29d7b487cd5a042ceef7784ee63cb15f\">\n.flex_column.av-n3k3d-29d7b487cd5a042ceef7784ee63cb15f{\n-webkit-border-radius:0px 0px 0px 0px;\n-moz-border-radius:0px 0px 0px 0px;\nborder-radius:0px 0px 0px 0px;\npadding:0px 0px 0px 0px;\n}\n<\/style>\n<div class='flex_column av-n3k3d-29d7b487cd5a042ceef7784ee63cb15f av_one_full  avia-builder-el-1  el_after_av_one_half  el_before_av_one_full  first flex_column_div av-zero-column-padding column-top-margin'     ><p>\n<style type=\"text\/css\" data-created_by=\"avia_inline_auto\" id=\"style-css-av-lw8z9zxz-67e40f7a423331d83e7e3af5150fadf6\">\n#top .av-special-heading.av-lw8z9zxz-67e40f7a423331d83e7e3af5150fadf6{\npadding-bottom:10px;\n}\nbody .av-special-heading.av-lw8z9zxz-67e40f7a423331d83e7e3af5150fadf6 .av-special-heading-tag .heading-char{\nfont-size:25px;\n}\n.av-special-heading.av-lw8z9zxz-67e40f7a423331d83e7e3af5150fadf6 .av-subheading{\nfont-size:15px;\n}\n<\/style>\n<div  class='av-special-heading av-lw8z9zxz-67e40f7a423331d83e7e3af5150fadf6 av-special-heading-h3  avia-builder-el-2  el_before_av_heading  avia-builder-el-first '><h3 class='av-special-heading-tag'  itemprop=\"headline\"  >Online Seminare <\/h3><div class=\"special-heading-border\"><div class=\"special-heading-inner-border\"><\/div><\/div><\/div><br \/>\n\n<style type=\"text\/css\" data-created_by=\"avia_inline_auto\" id=\"style-css-av-ly2z2b7s-fb1547608da4aebf828ad085cb0009fc\">\n#top .av-special-heading.av-ly2z2b7s-fb1547608da4aebf828ad085cb0009fc{\npadding-bottom:10px;\n}\nbody .av-special-heading.av-ly2z2b7s-fb1547608da4aebf828ad085cb0009fc .av-special-heading-tag .heading-char{\nfont-size:25px;\n}\n.av-special-heading.av-ly2z2b7s-fb1547608da4aebf828ad085cb0009fc .av-subheading{\nfont-size:15px;\n}\n<\/style>\n<div  class='av-special-heading av-ly2z2b7s-fb1547608da4aebf828ad085cb0009fc av-special-heading-h3  avia-builder-el-3  el_after_av_heading  el_before_av_textblock '><h3 class='av-special-heading-tag'  itemprop=\"headline\"  >Online Seminar Reihe <span class='special_amp'>&#8222;<\/span>Erweiterung &#8211; All das bist Du<span class='special_amp'>&#8220;<\/span><\/h3><div class=\"special-heading-border\"><div class=\"special-heading-inner-border\"><\/div><\/div><\/div><br \/>\n<section  class='av_textblock_section av-ll15gtdb-5f47307c1e410dbcce1a1ff23dfad4d9'  itemscope=\"itemscope\" itemtype=\"https:\/\/schema.org\/CreativeWork\" ><div class='avia_textblock'  itemprop=\"text\" ><p><img loading=\"lazy\" decoding=\"async\" class=\"wp-image-426 alignleft\" src=\"http:\/\/www.gisela-georg-therapie.de\/georg\/wp-content\/uploads\/2021\/02\/all-das-bist-du-logo_final-oSchrift2-1-300x298.jpg\" alt=\"\" width=\"105\" height=\"104\" srcset=\"https:\/\/www.gisela-georg-therapie.de\/georg\/wp-content\/uploads\/2021\/02\/all-das-bist-du-logo_final-oSchrift2-1-300x298.jpg 300w, https:\/\/www.gisela-georg-therapie.de\/georg\/wp-content\/uploads\/2021\/02\/all-das-bist-du-logo_final-oSchrift2-1-1030x1025.jpg 1030w, https:\/\/www.gisela-georg-therapie.de\/georg\/wp-content\/uploads\/2021\/02\/all-das-bist-du-logo_final-oSchrift2-1-80x80.jpg 80w, https:\/\/www.gisela-georg-therapie.de\/georg\/wp-content\/uploads\/2021\/02\/all-das-bist-du-logo_final-oSchrift2-1-768x764.jpg 768w, https:\/\/www.gisela-georg-therapie.de\/georg\/wp-content\/uploads\/2021\/02\/all-das-bist-du-logo_final-oSchrift2-1-36x36.jpg 36w, https:\/\/www.gisela-georg-therapie.de\/georg\/wp-content\/uploads\/2021\/02\/all-das-bist-du-logo_final-oSchrift2-1-180x180.jpg 180w, https:\/\/www.gisela-georg-therapie.de\/georg\/wp-content\/uploads\/2021\/02\/all-das-bist-du-logo_final-oSchrift2-1-705x701.jpg 705w, https:\/\/www.gisela-georg-therapie.de\/georg\/wp-content\/uploads\/2021\/02\/all-das-bist-du-logo_final-oSchrift2-1-120x120.jpg 120w, https:\/\/www.gisela-georg-therapie.de\/georg\/wp-content\/uploads\/2021\/02\/all-das-bist-du-logo_final-oSchrift2-1-450x448.jpg 450w, https:\/\/www.gisela-georg-therapie.de\/georg\/wp-content\/uploads\/2021\/02\/all-das-bist-du-logo_final-oSchrift2-1.jpg 1328w\" sizes=\"auto, (max-width: 105px) 100vw, 105px\" \/>Liebe Menschen auf dem Weg,<\/p>\n<p>wir, Gisela und Matthias, bieten folgende Seminarreihe an;<\/p>\n<p><strong>\u201eErweiterung \u2013 All das bist Du\u201c<\/strong><\/p>\n<p>Immer wieder mal kommen wir auf unserem Lebensweg an einen Punkt, wo uns das Gef\u00fchl nicht losl\u00e4sst, dass eine Erweiterung in unserem Leben ansteht. Im Mittelpunkt dieser Seminarreihe stehen deshalb folgende Fragen:<\/p>\n<p><strong>Was w\u00fcrdest Du gerne in Dein Leben bringen, <\/strong><strong>was Dein Leben reicher, erf\u00fcllter und Dich zufriedener macht?<br \/>\nWelche Erfahrung suchst Du noch in Deinem Leben?<\/strong><\/p>\n<p>Den Antworten zu diesen Fragen n\u00e4hern wir uns in vier Schritten.<\/p>\n<ul>\n<li>Selbstfindung &#8211; Was wirklich meins ist<\/li>\n<li>Selbstwerdung &#8211; Ich vertraue mir und meiner Vision<\/li>\n<li>Selbstverwirklichung &#8211; Ich bringe es in die Welt<\/li>\n<li>Selbsterg\u00e4nzung &#8211; ich zeige mich damit<\/li>\n<\/ul>\n<p>Im Laufe des letzten Jahres haben wir entdeckt, dass <strong>Online-Seminare<\/strong> eine gute Form sind, sich ohne gr\u00f6\u00dferen Aufwand zu bestimmten Themen miteinander zu verbinden. Nun wiederholen wir in dieser Reihe zu dem Element Wasser das Seminar <strong>\u201eSelbstfindung \u2013 was ist wirklich meins\u201c als Online-Version.<\/strong> Die drei weiteren (siehe oben) werden folgen.<\/p>\n<p>Hierf\u00fcr haben wir ganz neue Formen entwickelt, wie wir uns diesem Thema im virtuellen Raum zuwenden. Wir arbeiten mit den verschiedenen Wahr-<br \/>\nnehmungsebenen von K\u00f6rper, Seele und Geist. Wir setzen Impulse durch<br \/>\nsymbolhafte Bilder. Tore, die mit Fragen verbunden sind, leiten Dich immer tieferin Deinen Seelenraum. Erz\u00e4hlungen zu Archetypen aktivieren unterst\u00fctzende Kr\u00e4fte in Dir selbst. Gef\u00fchrte Meditationen verbinden Dich mit Deiner Intuition.<br \/>\nIn einer Aufstellung zu den Antworten, die Du auf diesem Weg gefunden hast, verdichtet sich Dein Herzensanliegen.<\/p>\n<p><strong>Wenn ihr teilnehmen m\u00f6chtet, schickt bitte eine Nachricht an:<\/strong><br \/>\nGisela Georg (info@gisela-georg-therapie.de) oder an<br \/>\nMatthias Teller (<a href=\"mailto:info@archetypencoaching.de\">info@archetypencoaching.de<\/a><\/p>\n<p>Teilnahmekosten pro Webinar 35 \u20ac<strong>\u00a0<\/strong><\/p>\n<\/div><\/section><br \/>\n<div  class='hr av-b8o1d-c909e83db15eb5b3e88d21ff20d560b4 hr-default  avia-builder-el-5  el_after_av_textblock  avia-builder-el-last '><span class='hr-inner '><span class=\"hr-inner-style\"><\/span><\/span><\/div><\/p><\/div>\n\n<style type=\"text\/css\" data-created_by=\"avia_inline_auto\" id=\"style-css-av-7p82p-a7342a857216b458011781e1fb8e21d8\">\n.flex_column.av-7p82p-a7342a857216b458011781e1fb8e21d8{\n-webkit-border-radius:0px 0px 0px 0px;\n-moz-border-radius:0px 0px 0px 0px;\nborder-radius:0px 0px 0px 0px;\npadding:0px 0px 0px 0px;\n}\n<\/style>\n<div class='flex_column av-7p82p-a7342a857216b458011781e1fb8e21d8 av_one_full  avia-builder-el-6  el_after_av_one_full  el_before_av_textblock  first flex_column_div av-zero-column-padding column-top-margin'     ><style type=\"text\/css\" data-created_by=\"avia_inline_auto\" id=\"style-css-av-ly2z44ho-f6eff53af29427cd85abb5c5928d2c83\">\n#top .av-special-heading.av-ly2z44ho-f6eff53af29427cd85abb5c5928d2c83{\npadding-bottom:10px;\n}\nbody .av-special-heading.av-ly2z44ho-f6eff53af29427cd85abb5c5928d2c83 .av-special-heading-tag .heading-char{\nfont-size:25px;\n}\n.av-special-heading.av-ly2z44ho-f6eff53af29427cd85abb5c5928d2c83 .av-subheading{\nfont-size:15px;\n}\n<\/style>\n<div  class='av-special-heading av-ly2z44ho-f6eff53af29427cd85abb5c5928d2c83 av-special-heading-h3  avia-builder-el-7  avia-builder-el-no-sibling '><h3 class='av-special-heading-tag'  itemprop=\"headline\"  >Quantensprung &#8211; ein experimenteller Abend<\/h3><div class=\"special-heading-border\"><div class=\"special-heading-inner-border\"><\/div><\/div><\/div><\/div>\n<section  class='av_textblock_section av-ly2yyi0l-28737505a425a307a21219aafa556676'  itemscope=\"itemscope\" itemtype=\"https:\/\/schema.org\/CreativeWork\" ><div class='avia_textblock'  itemprop=\"text\" ><p><img loading=\"lazy\" decoding=\"async\" class=\"alignnone wp-image-588\" src=\"http:\/\/www.gisela-georg-therapie.de\/georg\/wp-content\/uploads\/2024\/09\/Archetypenrunde-allgem.-2024-V03-.jpg\" alt=\"\" width=\"328\" height=\"657\" srcset=\"https:\/\/www.gisela-georg-therapie.de\/georg\/wp-content\/uploads\/2024\/09\/Archetypenrunde-allgem.-2024-V03-.jpg 311w, https:\/\/www.gisela-georg-therapie.de\/georg\/wp-content\/uploads\/2024\/09\/Archetypenrunde-allgem.-2024-V03--150x300.jpg 150w\" sizes=\"auto, (max-width: 328px) 100vw, 328px\" \/><\/p>\n<p><img loading=\"lazy\" decoding=\"async\" class=\"alignnone wp-image-578\" src=\"http:\/\/www.gisela-georg-therapie.de\/georg\/wp-content\/uploads\/2024\/07\/Archetypenrunde-2024-komplett-ohne-Termin-515x1030.jpg\" alt=\"\" width=\"329\" height=\"658\" srcset=\"https:\/\/www.gisela-georg-therapie.de\/georg\/wp-content\/uploads\/2024\/07\/Archetypenrunde-2024-komplett-ohne-Termin-515x1030.jpg 515w, https:\/\/www.gisela-georg-therapie.de\/georg\/wp-content\/uploads\/2024\/07\/Archetypenrunde-2024-komplett-ohne-Termin-150x300.jpg 150w, https:\/\/www.gisela-georg-therapie.de\/georg\/wp-content\/uploads\/2024\/07\/Archetypenrunde-2024-komplett-ohne-Termin-352x705.jpg 352w, https:\/\/www.gisela-georg-therapie.de\/georg\/wp-content\/uploads\/2024\/07\/Archetypenrunde-2024-komplett-ohne-Termin.jpg 649w\" sizes=\"auto, (max-width: 329px) 100vw, 329px\" \/><\/p>\n<\/div><\/section>\n<div  class='hr av-yfc1-be3098969211af6e084067b5849c190d hr-default  avia-builder-el-9  el_after_av_textblock  el_before_av_heading '><span class='hr-inner '><span class=\"hr-inner-style\"><\/span><\/span><\/div>\n\n<style type=\"text\/css\" data-created_by=\"avia_inline_auto\" id=\"style-css-av-ly75yxnv-32a11ca7aeaa894ab3febafd3c2bbb86\">\n#top .av-special-heading.av-ly75yxnv-32a11ca7aeaa894ab3febafd3c2bbb86{\npadding-bottom:10px;\n}\nbody .av-special-heading.av-ly75yxnv-32a11ca7aeaa894ab3febafd3c2bbb86 .av-special-heading-tag .heading-char{\nfont-size:25px;\n}\n.av-special-heading.av-ly75yxnv-32a11ca7aeaa894ab3febafd3c2bbb86 .av-subheading{\nfont-size:15px;\n}\n<\/style>\n<div  class='av-special-heading av-ly75yxnv-32a11ca7aeaa894ab3febafd3c2bbb86 av-special-heading-h3  avia-builder-el-10  el_after_av_hr  el_before_av_textblock '><h3 class='av-special-heading-tag'  itemprop=\"headline\"  ><span class='special_amp'>&#8222;<\/span>ERDE &#8211; unsere Mutter<span class='special_amp'>&#8220;<\/span> Tagesworkshop in der Natur<\/h3><div class=\"special-heading-border\"><div class=\"special-heading-inner-border\"><\/div><\/div><\/div>\n<section  class='av_textblock_section av-ly7620lw-3c39d3a4e7700089cb18b69c197fa5f7'  itemscope=\"itemscope\" itemtype=\"https:\/\/schema.org\/CreativeWork\" ><div class='avia_textblock'  itemprop=\"text\" ><p><img loading=\"lazy\" decoding=\"async\" class=\"alignnone wp-image-581\" src=\"http:\/\/www.gisela-georg-therapie.de\/georg\/wp-content\/uploads\/2024\/07\/Flyer-Erde-unsere-Mutter-1-2024-729x1030.jpg\" alt=\"\" width=\"360\" height=\"509\" srcset=\"https:\/\/www.gisela-georg-therapie.de\/georg\/wp-content\/uploads\/2024\/07\/Flyer-Erde-unsere-Mutter-1-2024-729x1030.jpg 729w, https:\/\/www.gisela-georg-therapie.de\/georg\/wp-content\/uploads\/2024\/07\/Flyer-Erde-unsere-Mutter-1-2024-212x300.jpg 212w, https:\/\/www.gisela-georg-therapie.de\/georg\/wp-content\/uploads\/2024\/07\/Flyer-Erde-unsere-Mutter-1-2024-768x1086.jpg 768w, https:\/\/www.gisela-georg-therapie.de\/georg\/wp-content\/uploads\/2024\/07\/Flyer-Erde-unsere-Mutter-1-2024-1087x1536.jpg 1087w, https:\/\/www.gisela-georg-therapie.de\/georg\/wp-content\/uploads\/2024\/07\/Flyer-Erde-unsere-Mutter-1-2024-1061x1500.jpg 1061w, https:\/\/www.gisela-georg-therapie.de\/georg\/wp-content\/uploads\/2024\/07\/Flyer-Erde-unsere-Mutter-1-2024-499x705.jpg 499w, https:\/\/www.gisela-georg-therapie.de\/georg\/wp-content\/uploads\/2024\/07\/Flyer-Erde-unsere-Mutter-1-2024.jpg 1240w\" sizes=\"auto, (max-width: 360px) 100vw, 360px\" \/><img loading=\"lazy\" decoding=\"async\" class=\"alignnone wp-image-582\" src=\"http:\/\/www.gisela-georg-therapie.de\/georg\/wp-content\/uploads\/2024\/07\/Flyer-Erde-unsere-Mutter-2-2024-729x1030.jpg\" alt=\"\" width=\"362\" height=\"512\" srcset=\"https:\/\/www.gisela-georg-therapie.de\/georg\/wp-content\/uploads\/2024\/07\/Flyer-Erde-unsere-Mutter-2-2024-729x1030.jpg 729w, https:\/\/www.gisela-georg-therapie.de\/georg\/wp-content\/uploads\/2024\/07\/Flyer-Erde-unsere-Mutter-2-2024-212x300.jpg 212w, https:\/\/www.gisela-georg-therapie.de\/georg\/wp-content\/uploads\/2024\/07\/Flyer-Erde-unsere-Mutter-2-2024-768x1086.jpg 768w, https:\/\/www.gisela-georg-therapie.de\/georg\/wp-content\/uploads\/2024\/07\/Flyer-Erde-unsere-Mutter-2-2024-1087x1536.jpg 1087w, https:\/\/www.gisela-georg-therapie.de\/georg\/wp-content\/uploads\/2024\/07\/Flyer-Erde-unsere-Mutter-2-2024-1061x1500.jpg 1061w, https:\/\/www.gisela-georg-therapie.de\/georg\/wp-content\/uploads\/2024\/07\/Flyer-Erde-unsere-Mutter-2-2024-499x705.jpg 499w, https:\/\/www.gisela-georg-therapie.de\/georg\/wp-content\/uploads\/2024\/07\/Flyer-Erde-unsere-Mutter-2-2024.jpg 1240w\" sizes=\"auto, (max-width: 362px) 100vw, 362px\" \/><\/p>\n<\/div><\/section>\n","protected":false},"excerpt":{"rendered":"","protected":false},"author":1,"featured_media":0,"parent":0,"menu_order":0,"comment_status":"closed","ping_status":"closed","template":"","meta":{"footnotes":""},"class_list":["post-177","page","type-page","status-publish","hentry"],"_links":{"self":[{"href":"https:\/\/www.gisela-georg-therapie.de\/georg\/wp-json\/wp\/v2\/pages\/177","targetHints":{"allow":["GET"]}}],"collection":[{"href":"https:\/\/www.gisela-georg-therapie.de\/georg\/wp-json\/wp\/v2\/pages"}],"about":[{"href":"https:\/\/www.gisela-georg-therapie.de\/georg\/wp-json\/wp\/v2\/types\/page"}],"author":[{"embeddable":true,"href":"https:\/\/www.gisela-georg-therapie.de\/georg\/wp-json\/wp\/v2\/users\/1"}],"replies":[{"embeddable":true,"href":"https:\/\/www.gisela-georg-therapie.de\/georg\/wp-json\/wp\/v2\/comments?post=177"}],"version-history":[{"count":49,"href":"https:\/\/www.gisela-georg-therapie.de\/georg\/wp-json\/wp\/v2\/pages\/177\/revisions"}],"predecessor-version":[{"id":183,"href":"https:\/\/www.gisela-georg-therapie.de\/georg\/wp-json\/wp\/v2\/pages\/177\/revisions\/183"}],"wp:attachment":[{"href":"https:\/\/www.gisela-georg-therapie.de\/georg\/wp-json\/wp\/v2\/media?parent=177"}],"curies":[{"name":"wp","href":"https:\/\/api.w.org\/{rel}","templated":true}]}}