{"id":19,"date":"2018-05-15T15:41:55","date_gmt":"2018-05-15T13:41:55","guid":{"rendered":"http:\/\/www.gisela-georg-therapie.de\/georg\/?page_id=19"},"modified":"2022-12-13T10:44:48","modified_gmt":"2022-12-13T09:44:48","slug":"praxis","status":"publish","type":"page","link":"https:\/\/www.gisela-georg-therapie.de\/georg\/praxis\/","title":{"rendered":"Praxis"},"content":{"rendered":"<div id='av-layout-grid-1'  class='av-layout-grid-container av-h40v7-c81cc732126f7a427a772a2c087f7589 entry-content-wrapper main_color av-flex-cells  avia-builder-el-0  el_before_av_one_full  avia-builder-el-first   container_wrap sidebar_right'  >\n\n<style type=\"text\/css\" data-created_by=\"avia_inline_auto\" id=\"style-css-av-gig3b-2d3c587004596b73f91f042df49d8563\">\n.flex_cell.av-gig3b-2d3c587004596b73f91f042df49d8563{\nvertical-align:top;\nbackground-color:#98d4e0;\n}\n.responsive #top #wrap_all .flex_cell.av-gig3b-2d3c587004596b73f91f042df49d8563{\npadding:9px 9px 9px 9px !important;\n}\n<\/style>\n<div class='flex_cell av-gig3b-2d3c587004596b73f91f042df49d8563 av-gridrow-cell av_one_half no_margin  avia-builder-el-1  el_before_av_cell_one_half  avia-builder-el-first ' ><div class='flex_cell_inner'>\n<\/div><\/div>\n<style type=\"text\/css\" data-created_by=\"avia_inline_auto\" id=\"style-css-av-f0027-e2c3b660d950645a3fa28fd946d1a718\">\n.flex_cell.av-f0027-e2c3b660d950645a3fa28fd946d1a718{\nvertical-align:top;\nbackground-color:#88bbc8;\n}\n.responsive #top #wrap_all .flex_cell.av-f0027-e2c3b660d950645a3fa28fd946d1a718{\npadding:9px 9px 9px 9px !important;\n}\n<\/style>\n<div class='flex_cell av-f0027-e2c3b660d950645a3fa28fd946d1a718 av-gridrow-cell av_one_half no_margin  avia-builder-el-3  el_after_av_cell_one_half  avia-builder-el-last ' ><div class='flex_cell_inner'><\/div><\/div>\n<\/div><div id='after_grid_row_1'  class='main_color av_default_container_wrap container_wrap sidebar_right'  ><div class='container av-section-cont-open' ><div class='template-page content  av-content-small alpha units'><div class='post-entry post-entry-type-page post-entry-19'><div class='entry-content-wrapper clearfix'>\n\n<style type=\"text\/css\" data-created_by=\"avia_inline_auto\" id=\"style-css-av-ema03-6a785a7849bb29404c54462f39d59eb0\">\n.flex_column.av-ema03-6a785a7849bb29404c54462f39d59eb0{\n-webkit-border-radius:0px 0px 0px 0px;\n-moz-border-radius:0px 0px 0px 0px;\nborder-radius:0px 0px 0px 0px;\npadding:0px 0px 0px 0px;\n}\n<\/style>\n<div class='flex_column av-ema03-6a785a7849bb29404c54462f39d59eb0 av_one_full  avia-builder-el-4  el_after_av_layout_row  el_before_av_two_third  avia-builder-el-first  first flex_column_div av-zero-column-padding '     ><style type=\"text\/css\" data-created_by=\"avia_inline_auto\" id=\"style-css-av-1f07b-4cec75654c3a3e02abebfb28fcc34b46\">\n#top .av-special-heading.av-1f07b-4cec75654c3a3e02abebfb28fcc34b46{\npadding-bottom:10px;\n}\nbody .av-special-heading.av-1f07b-4cec75654c3a3e02abebfb28fcc34b46 .av-special-heading-tag .heading-char{\nfont-size:25px;\n}\n.av-special-heading.av-1f07b-4cec75654c3a3e02abebfb28fcc34b46 .av-subheading{\nfont-size:15px;\n}\n<\/style>\n<div  class='av-special-heading av-1f07b-4cec75654c3a3e02abebfb28fcc34b46 av-special-heading-h3  avia-builder-el-5  avia-builder-el-no-sibling '><h3 class='av-special-heading-tag'  itemprop=\"headline\"  >Die Praxis<\/h3><div class=\"special-heading-border\"><div class=\"special-heading-inner-border\"><\/div><\/div><\/div><\/div>\n\n<style type=\"text\/css\" data-created_by=\"avia_inline_auto\" id=\"style-css-av-do2af-57cabdf75c9d3538e663785f2ccc17df\">\n.flex_column.av-do2af-57cabdf75c9d3538e663785f2ccc17df{\n-webkit-border-radius:0px 0px 0px 0px;\n-moz-border-radius:0px 0px 0px 0px;\nborder-radius:0px 0px 0px 0px;\npadding:0px 0px 0px 0px;\n}\n<\/style>\n<div class='flex_column av-do2af-57cabdf75c9d3538e663785f2ccc17df av_two_third  avia-builder-el-6  el_after_av_one_full  el_before_av_one_third  first flex_column_div av-zero-column-padding column-top-margin'     ><style type=\"text\/css\" data-created_by=\"avia_inline_auto\" id=\"style-css-av-cm4jr-4d3ed004fb27c8b14fb889632470d333\">\n.avia-image-container.av-cm4jr-4d3ed004fb27c8b14fb889632470d333 img.avia_image{\nbox-shadow:none;\n}\n.avia-image-container.av-cm4jr-4d3ed004fb27c8b14fb889632470d333 .av-image-caption-overlay-center{\ncolor:#ffffff;\n}\n<\/style>\n<div  class='avia-image-container av-cm4jr-4d3ed004fb27c8b14fb889632470d333 av-styling- avia-align-left  avia-builder-el-7  avia-builder-el-no-sibling '   itemprop=\"image\" itemscope=\"itemscope\" itemtype=\"https:\/\/schema.org\/ImageObject\" ><div class=\"avia-image-container-inner\"><div class=\"avia-image-overlay-wrap\"><img class='wp-image-63 avia-img-lazy-loading-not-63 avia_image ' src='https:\/\/www.gisela-georg-therapie.de\/georg\/wp-content\/uploads\/2018\/05\/Praxisraum-stu\u0308hle-1030x687.jpg' alt='' title='Praxisraum stu\u0308hle'  height=\"687\" width=\"1030\"  itemprop=\"thumbnailUrl\"  \/><\/div><\/div><\/div><\/div>\n\n<style type=\"text\/css\" data-created_by=\"avia_inline_auto\" id=\"style-css-av-cehpb-77ba94d9c6a2202f3d7d2e4937d930a9\">\n.flex_column.av-cehpb-77ba94d9c6a2202f3d7d2e4937d930a9{\n-webkit-border-radius:0px 0px 0px 0px;\n-moz-border-radius:0px 0px 0px 0px;\nborder-radius:0px 0px 0px 0px;\npadding:0px 0px 0px 0px;\n}\n<\/style>\n<div class='flex_column av-cehpb-77ba94d9c6a2202f3d7d2e4937d930a9 av_one_third  avia-builder-el-8  el_after_av_two_third  el_before_av_hr  flex_column_div av-zero-column-padding column-top-margin'     ><section  class='av_textblock_section av-bg4cv-a17bbc90b57d27baeb6c81b2337083c1'  itemscope=\"itemscope\" itemtype=\"https:\/\/schema.org\/CreativeWork\" ><div class='avia_textblock'  itemprop=\"text\" ><p>F\u00fcrchte weniger<\/p>\n<p>Hoffe mehr<\/p>\n<p>Nutze Deine Chancen<\/p>\n<p>Wage das Risiko<\/p>\n<p>Liebe mehr!<\/p>\n<\/div><\/section><\/div><div  class='hr av-ballb-77dbc1d3664a4a74efcc8e542831092a hr-default  avia-builder-el-10  el_after_av_one_third  el_before_av_one_half '><span class='hr-inner '><span class=\"hr-inner-style\"><\/span><\/span><\/div><\/p>\n\n<style type=\"text\/css\" data-created_by=\"avia_inline_auto\" id=\"style-css-av-8ppx3-f97a87da6deecc7f273ab1f45aa232e7\">\n.flex_column.av-8ppx3-f97a87da6deecc7f273ab1f45aa232e7{\n-webkit-border-radius:0px 0px 0px 0px;\n-moz-border-radius:0px 0px 0px 0px;\nborder-radius:0px 0px 0px 0px;\npadding:0px 0px 0px 0px;\n}\n<\/style>\n<div class='flex_column av-8ppx3-f97a87da6deecc7f273ab1f45aa232e7 av_one_half  avia-builder-el-11  el_after_av_hr  el_before_av_one_half  first flex_column_div av-zero-column-padding '     ><p>\n<style type=\"text\/css\" data-created_by=\"avia_inline_auto\" id=\"style-css-av-81zir-aeb934918e47706074788d15da140e5d\">\n#top .av-special-heading.av-81zir-aeb934918e47706074788d15da140e5d{\npadding-bottom:10px;\n}\nbody .av-special-heading.av-81zir-aeb934918e47706074788d15da140e5d .av-special-heading-tag .heading-char{\nfont-size:25px;\n}\n.av-special-heading.av-81zir-aeb934918e47706074788d15da140e5d .av-subheading{\nfont-size:15px;\n}\n<\/style>\n<div  class='av-special-heading av-81zir-aeb934918e47706074788d15da140e5d av-special-heading-h3  avia-builder-el-12  el_before_av_textblock  avia-builder-el-first '><h3 class='av-special-heading-tag'  itemprop=\"headline\"  >Konditionen<\/h3><div class=\"special-heading-border\"><div class=\"special-heading-inner-border\"><\/div><\/div><\/div><br \/>\n<section  class='av_textblock_section av-798c3-d525f6e431b18724ab8b84afd79d959e'  itemscope=\"itemscope\" itemtype=\"https:\/\/schema.org\/CreativeWork\" ><div class='avia_textblock'  itemprop=\"text\" ><p>Eine Sitzung dauert in der Regel eine Stunde,<br \/>\nbei Paaren sind l\u00e4ngere Sitzungen von mindestens 1,5 Stunden sinnvoll.<\/p>\n<p><strong>Selbstzahler<\/strong>\/Kostenerstattung \u00fcber den Psychotherapie Heilpraktiker von Privatkassen.<\/p>\n<p>Individuelle Konditionen f\u00fcr Sch\u00fcler, Studenten und Menschen, die sich in schwierigen finanziellen Lebenslagen befinden, sind nach Absprache m\u00f6glich.<\/p>\n<\/div><\/section><\/p><\/div>\n\n<style type=\"text\/css\" data-created_by=\"avia_inline_auto\" id=\"style-css-av-6huav-8cc2756be56d8c739a6dbb96d02d2f9a\">\n.flex_column.av-6huav-8cc2756be56d8c739a6dbb96d02d2f9a{\n-webkit-border-radius:0px 0px 0px 0px;\n-moz-border-radius:0px 0px 0px 0px;\nborder-radius:0px 0px 0px 0px;\npadding:0px 0px 0px 0px;\n}\n<\/style>\n<div class='flex_column av-6huav-8cc2756be56d8c739a6dbb96d02d2f9a av_one_half  avia-builder-el-14  el_after_av_one_half  el_before_av_hr  flex_column_div av-zero-column-padding '     ><p>\n<style type=\"text\/css\" data-created_by=\"avia_inline_auto\" id=\"style-css-av-5uviz-5601ee6d7451832beed7e3546983de91\">\n#top .av-special-heading.av-5uviz-5601ee6d7451832beed7e3546983de91{\npadding-bottom:10px;\n}\nbody .av-special-heading.av-5uviz-5601ee6d7451832beed7e3546983de91 .av-special-heading-tag .heading-char{\nfont-size:25px;\n}\n.av-special-heading.av-5uviz-5601ee6d7451832beed7e3546983de91 .av-subheading{\nfont-size:15px;\n}\n<\/style>\n<div  class='av-special-heading av-5uviz-5601ee6d7451832beed7e3546983de91 av-special-heading-h3  avia-builder-el-15  el_before_av_textblock  avia-builder-el-first '><h3 class='av-special-heading-tag'  itemprop=\"headline\"  >English &#8211; Speaking<\/h3><div class=\"special-heading-border\"><div class=\"special-heading-inner-border\"><\/div><\/div><\/div><br \/>\n<section  class='av_textblock_section av-51icn-84e1689b79be570499d2a419a55011d6'  itemscope=\"itemscope\" itemtype=\"https:\/\/schema.org\/CreativeWork\" ><div class='avia_textblock'  itemprop=\"text\" ><p><strong>Therapiesitzungen sind auch in Englischer Sprache m\u00f6glich.<\/strong><\/p>\n<\/div><\/section><\/p><\/div>\n<div  class='hr av-4evov-4202a8d56b68c017c884102d9a5d39f1 hr-default  avia-builder-el-17  el_after_av_one_half  el_before_av_two_third '><span class='hr-inner '><span class=\"hr-inner-style\"><\/span><\/span><\/div>\n\n<style type=\"text\/css\" data-created_by=\"avia_inline_auto\" id=\"style-css-av-4325f-de65236b97a98a05b843c0b7eeeff9bd\">\n.flex_column.av-4325f-de65236b97a98a05b843c0b7eeeff9bd{\n-webkit-border-radius:0px 0px 0px 0px;\n-moz-border-radius:0px 0px 0px 0px;\nborder-radius:0px 0px 0px 0px;\npadding:0px 0px 0px 0px;\n}\n<\/style>\n<div class='flex_column av-4325f-de65236b97a98a05b843c0b7eeeff9bd av_two_third  avia-builder-el-18  el_after_av_hr  el_before_av_one_third  first flex_column_div av-zero-column-padding '     ><p><section  class='av_textblock_section av-3g32f-a3753819fb213d9447cda79921d8c584'  itemscope=\"itemscope\" itemtype=\"https:\/\/schema.org\/CreativeWork\" ><div class='avia_textblock'  itemprop=\"text\" ><\/div><\/section><br \/>\n\n<style type=\"text\/css\" data-created_by=\"avia_inline_auto\" id=\"style-css-av-9idj-1948ebff4e7fe5e14a12d3ddb77f3738\">\n.avia-image-container.av-9idj-1948ebff4e7fe5e14a12d3ddb77f3738 img.avia_image{\nbox-shadow:none;\n}\n.avia-image-container.av-9idj-1948ebff4e7fe5e14a12d3ddb77f3738 .av-image-caption-overlay-center{\ncolor:#ffffff;\n}\n<\/style>\n<div  class='avia-image-container av-9idj-1948ebff4e7fe5e14a12d3ddb77f3738 av-styling- avia-align-center  avia-builder-el-20  el_after_av_textblock  avia-builder-el-last '   itemprop=\"image\" itemscope=\"itemscope\" itemtype=\"https:\/\/schema.org\/ImageObject\" ><div class=\"avia-image-container-inner\"><div class=\"avia-image-overlay-wrap\"><img class='wp-image-263 avia-img-lazy-loading-not-263 avia_image ' src='https:\/\/www.gisela-georg-therapie.de\/georg\/wp-content\/uploads\/2018\/09\/IMG_3917-1030x687.jpg' alt='' title='IMG_3917'  height=\"687\" width=\"1030\"  itemprop=\"thumbnailUrl\"  \/><\/div><\/div><\/div><\/p><\/div>\n\n<style type=\"text\/css\" data-created_by=\"avia_inline_auto\" id=\"style-css-av-2ckrn-9eec6a33b40b62abdaa2dcc8ba671e1b\">\n.flex_column.av-2ckrn-9eec6a33b40b62abdaa2dcc8ba671e1b{\n-webkit-border-radius:0px 0px 0px 0px;\n-moz-border-radius:0px 0px 0px 0px;\nborder-radius:0px 0px 0px 0px;\npadding:0px 0px 0px 0px;\n}\n<\/style>\n<div class='flex_column av-2ckrn-9eec6a33b40b62abdaa2dcc8ba671e1b av_one_third  avia-builder-el-21  el_after_av_two_third  avia-builder-el-last  flex_column_div av-zero-column-padding '     ><p>\n<style type=\"text\/css\" data-created_by=\"avia_inline_auto\" id=\"style-css-av-1jgdz-349451a6a039980a7c3604eb4bb0a392\">\n#top .av-special-heading.av-1jgdz-349451a6a039980a7c3604eb4bb0a392{\npadding-bottom:10px;\n}\nbody .av-special-heading.av-1jgdz-349451a6a039980a7c3604eb4bb0a392 .av-special-heading-tag .heading-char{\nfont-size:25px;\n}\n.av-special-heading.av-1jgdz-349451a6a039980a7c3604eb4bb0a392 .av-subheading{\nfont-size:15px;\n}\n<\/style>\n<div  class='av-special-heading av-1jgdz-349451a6a039980a7c3604eb4bb0a392 av-special-heading-h3  avia-builder-el-22  el_before_av_textblock  avia-builder-el-first '><h3 class='av-special-heading-tag'  itemprop=\"headline\"  >Unsere Praxisgemeinschaft<\/h3><div class=\"special-heading-border\"><div class=\"special-heading-inner-border\"><\/div><\/div><\/div><br \/>\n<section  class='av_textblock_section av-re7b-0098efdd9e39b97965f3b831353abd82'  itemscope=\"itemscope\" itemtype=\"https:\/\/schema.org\/CreativeWork\" ><div class='avia_textblock'  itemprop=\"text\" ><p>Harmonisch und st\u00e4rkend:<\/p>\n<p><strong>Unsere Praxisgemeinschaft f\u00fcr Psychotherapie in der Beethovenstra\u00dfe 35 A. <\/strong><br \/>\nAn dieser Stelle m\u00f6chte ich ein herzliches Dankesch\u00f6n an meine langj\u00e4hrigen Praxiskollegen sagen:<\/p>\n<p><strong>Ulrike Zimmermann<br \/>\n<\/strong>und<strong><br \/>\nSamja R\u00f6der-Debus<\/strong><\/p>\n<p>D A N K E<\/p>\n<\/div><\/section><\/p><\/div>\n","protected":false},"excerpt":{"rendered":"","protected":false},"author":1,"featured_media":0,"parent":0,"menu_order":0,"comment_status":"closed","ping_status":"closed","template":"","meta":{"footnotes":""},"class_list":["post-19","page","type-page","status-publish","hentry"],"_links":{"self":[{"href":"https:\/\/www.gisela-georg-therapie.de\/georg\/wp-json\/wp\/v2\/pages\/19","targetHints":{"allow":["GET"]}}],"collection":[{"href":"https:\/\/www.gisela-georg-therapie.de\/georg\/wp-json\/wp\/v2\/pages"}],"about":[{"href":"https:\/\/www.gisela-georg-therapie.de\/georg\/wp-json\/wp\/v2\/types\/page"}],"author":[{"embeddable":true,"href":"https:\/\/www.gisela-georg-therapie.de\/georg\/wp-json\/wp\/v2\/users\/1"}],"replies":[{"embeddable":true,"href":"https:\/\/www.gisela-georg-therapie.de\/georg\/wp-json\/wp\/v2\/comments?post=19"}],"version-history":[{"count":52,"href":"https:\/\/www.gisela-georg-therapie.de\/georg\/wp-json\/wp\/v2\/pages\/19\/revisions"}],"predecessor-version":[{"id":455,"href":"https:\/\/www.gisela-georg-therapie.de\/georg\/wp-json\/wp\/v2\/pages\/19\/revisions\/455"}],"wp:attachment":[{"href":"https:\/\/www.gisela-georg-therapie.de\/georg\/wp-json\/wp\/v2\/media?parent=19"}],"curies":[{"name":"wp","href":"https:\/\/api.w.org\/{rel}","templated":true}]}}